{"id":240342,"date":"2025-05-12T10:48:48","date_gmt":"2025-05-12T08:48:48","guid":{"rendered":"https:\/\/www.deiereklinik.lu\/V3\/?page_id=240342"},"modified":"2025-05-12T11:18:18","modified_gmt":"2025-05-12T09:18:18","slug":"mentions-legales","status":"publish","type":"page","link":"https:\/\/www.deiereklinik.lu\/V3\/mentions-legales\/","title":{"rendered":"Mentions l\u00e9gales"},"content":{"rendered":"<p>[et_pb_section fb_built=\u00a0\u00bb1&Prime; _builder_version=\u00a0\u00bb4.24.1&Prime; _module_preset=\u00a0\u00bbdefault\u00a0\u00bb global_colors_info=\u00a0\u00bb{}\u00a0\u00bb theme_builder_area=\u00a0\u00bbpost_content\u00a0\u00bb][et_pb_row _builder_version=\u00a0\u00bb4.24.1&Prime; _module_preset=\u00a0\u00bbdefault\u00a0\u00bb custom_margin=\u00a0\u00bb0px||0px||true|false\u00a0\u00bb custom_padding=\u00a0\u00bb0px||0px||true|false\u00a0\u00bb global_colors_info=\u00a0\u00bb{}\u00a0\u00bb theme_builder_area=\u00a0\u00bbpost_content\u00a0\u00bb][et_pb_column type=\u00a0\u00bb4_4&Prime; _builder_version=\u00a0\u00bb4.24.1&Prime; _module_preset=\u00a0\u00bbdefault\u00a0\u00bb global_colors_info=\u00a0\u00bb{}\u00a0\u00bb theme_builder_area=\u00a0\u00bbpost_content\u00a0\u00bb][et_pb_text _builder_version=\u00a0\u00bb4.27.4&Prime; _module_preset=\u00a0\u00bbdefault\u00a0\u00bb custom_margin=\u00a0\u00bb||15px||false|false\u00a0\u00bb global_colors_info=\u00a0\u00bb{}\u00a0\u00bb theme_builder_area=\u00a0\u00bbpost_content\u00a0\u00bb]<\/p>\n<p>Le pr\u00e9sent site est la propri\u00e9t\u00e9 de la soci\u00e9t\u00e9 Deiereklinik<\/p>\n<p><strong>Raison sociale:<\/strong> Deiereklinik<\/p>\n<p><strong>Si\u00e8ge social:<\/strong> 136, ZAE Wolser \u2013 L-3290 Bettembourg<\/p>\n<p><strong>Responsable \u00e9ditorial:<\/strong> Audrey VAN VYNCHT<\/p>\n<p>[\/et_pb_text][\/et_pb_column][\/et_pb_row][et_pb_row _builder_version=\u00a0\u00bb4.27.4&Prime; _module_preset=\u00a0\u00bbdefault\u00a0\u00bb width=\u00a0\u00bb100%\u00a0\u00bb custom_margin=\u00a0\u00bb0px||0px||true|false\u00a0\u00bb custom_padding=\u00a0\u00bb30px||0px||false|false\u00a0\u00bb global_colors_info=\u00a0\u00bb{}\u00a0\u00bb theme_builder_area=\u00a0\u00bbpost_content\u00a0\u00bb][et_pb_column type=\u00a0\u00bb4_4&Prime; _builder_version=\u00a0\u00bb4.24.1&Prime; _module_preset=\u00a0\u00bbdefault\u00a0\u00bb global_colors_info=\u00a0\u00bb{}\u00a0\u00bb theme_builder_area=\u00a0\u00bbpost_content\u00a0\u00bb][et_pb_text _builder_version=\u00a0\u00bb4.27.4&Prime; _module_preset=\u00a0\u00bbdefault\u00a0\u00bb text_font=\u00a0\u00bb|700|||||||\u00a0\u00bb text_text_color=\u00a0\u00bbgcid-primary-color\u00a0\u00bb text_font_size=\u00a0\u00bb20px\u00a0\u00bb header_2_font=\u00a0\u00bb|700|||||||\u00a0\u00bb header_2_text_align=\u00a0\u00bbcenter\u00a0\u00bb header_2_text_color=\u00a0\u00bb#438993&Prime; header_2_font_size=\u00a0\u00bb20px\u00a0\u00bb custom_margin=\u00a0\u00bb15px||20px||false|false\u00a0\u00bb global_colors_info=\u00a0\u00bb{%22gcid-primary-color%22:%91%22text_text_color%22%93}\u00a0\u00bb theme_builder_area=\u00a0\u00bbpost_content\u00a0\u00bb]<\/p>\n<p>Article 1. Conditions d&rsquo;utilisation du site<\/p>\n<p>[\/et_pb_text][et_pb_text _builder_version=\u00a0\u00bb4.27.4&Prime; _module_preset=\u00a0\u00bbdefault\u00a0\u00bb custom_margin=\u00a0\u00bb||15px||false|false\u00a0\u00bb global_colors_info=\u00a0\u00bb{}\u00a0\u00bb theme_builder_area=\u00a0\u00bbpost_content\u00a0\u00bb]<\/p>\n<p>DEIEREKLINIK fournit ses services sous r\u00e9serve que vous vous engagiez \u00e0 respecter les pr\u00e9sentes conditions d\u2019utilisation que DEIEREKLINIK sera libre de modifier \u00e0 tout moment.<\/p>\n<p>[\/et_pb_text][\/et_pb_column][\/et_pb_row][et_pb_row _builder_version=\u00a0\u00bb4.27.4&Prime; _module_preset=\u00a0\u00bbdefault\u00a0\u00bb width=\u00a0\u00bb100%\u00a0\u00bb custom_margin=\u00a0\u00bb0px||0px||true|false\u00a0\u00bb custom_padding=\u00a0\u00bb30px||0px||false|false\u00a0\u00bb global_colors_info=\u00a0\u00bb{}\u00a0\u00bb theme_builder_area=\u00a0\u00bbpost_content\u00a0\u00bb][et_pb_column type=\u00a0\u00bb4_4&Prime; _builder_version=\u00a0\u00bb4.24.1&Prime; _module_preset=\u00a0\u00bbdefault\u00a0\u00bb global_colors_info=\u00a0\u00bb{}\u00a0\u00bb theme_builder_area=\u00a0\u00bbpost_content\u00a0\u00bb][et_pb_text _builder_version=\u00a0\u00bb4.27.4&Prime; _module_preset=\u00a0\u00bbdefault\u00a0\u00bb text_font=\u00a0\u00bb|700|||||||\u00a0\u00bb text_text_color=\u00a0\u00bbgcid-primary-color\u00a0\u00bb text_font_size=\u00a0\u00bb20px\u00a0\u00bb header_2_font=\u00a0\u00bb|700|||||||\u00a0\u00bb header_2_text_align=\u00a0\u00bbcenter\u00a0\u00bb header_2_text_color=\u00a0\u00bb#438993&Prime; header_2_font_size=\u00a0\u00bb20px\u00a0\u00bb custom_margin=\u00a0\u00bb15px||20px||false|false\u00a0\u00bb global_colors_info=\u00a0\u00bb{%22gcid-primary-color%22:%91%22text_text_color%22%93}\u00a0\u00bb theme_builder_area=\u00a0\u00bbpost_content\u00a0\u00bb]<\/p>\n<p>Article 2. Propri\u00e9t\u00e9 intellectuelle<\/p>\n<p>[\/et_pb_text][et_pb_text _builder_version=\u00a0\u00bb4.27.4&Prime; _module_preset=\u00a0\u00bbdefault\u00a0\u00bb custom_margin=\u00a0\u00bb||15px||false|false\u00a0\u00bb global_colors_info=\u00a0\u00bb{}\u00a0\u00bb theme_builder_area=\u00a0\u00bbpost_content\u00a0\u00bb]<\/p>\n<p>En accord avec les lois r\u00e9gissant la propri\u00e9t\u00e9 intellectuelle, la reproduction ou l\u2019utilisation des \u00e9l\u00e9ments se trouvant dans ce site Internet, en totalit\u00e9 ou en partie est strictement interdite. Seules sont maintenues les exceptions l\u00e9gales dont notamment la repr\u00e9sentation dans le cadre du cercle de famille, la copie priv\u00e9e ou le droit de courte citation.<\/p>\n<p>Ainsi, tous les textes, photos, logos, marques et autres \u00e9l\u00e9ments reproduits sur ce site sont r\u00e9serv\u00e9s et prot\u00e9g\u00e9s par le droit de la propri\u00e9t\u00e9 intellectuelle. (Droit auteur, droit voisin, droit des marques\u2026).<\/p>\n<p>Toute repr\u00e9sentation totale ou partielle de ce site par quelque proc\u00e9d\u00e9 que ce soit, sans l\u2019autorisation expresse de l\u2019exploitant du site Internet est interdite et constituerait une contrefa\u00e7on sanctionn\u00e9e par les articles L 335-2 et suivants du Code de la propri\u00e9t\u00e9 intellectuelle.<\/p>\n<p>Il en est de m\u00eame des \u00e9ventuelles bases de donn\u00e9es figurant sur le site Internet qui sont prot\u00e9g\u00e9es par les dispositions de la loi du 11 juillet 1998 portant transposition dans le Code de la propri\u00e9t\u00e9 intellectuelle (CPI) de la directive europ\u00e9enne du 11 mars 1996 relative \u00e0 la protection juridique des bases de donn\u00e9es.<\/p>\n<p>[\/et_pb_text][\/et_pb_column][\/et_pb_row][et_pb_row _builder_version=\u00a0\u00bb4.27.4&Prime; _module_preset=\u00a0\u00bbdefault\u00a0\u00bb width=\u00a0\u00bb100%\u00a0\u00bb custom_margin=\u00a0\u00bb0px||0px||true|false\u00a0\u00bb custom_padding=\u00a0\u00bb30px||0px||false|false\u00a0\u00bb global_colors_info=\u00a0\u00bb{}\u00a0\u00bb theme_builder_area=\u00a0\u00bbpost_content\u00a0\u00bb][et_pb_column type=\u00a0\u00bb4_4&Prime; _builder_version=\u00a0\u00bb4.24.1&Prime; _module_preset=\u00a0\u00bbdefault\u00a0\u00bb global_colors_info=\u00a0\u00bb{}\u00a0\u00bb theme_builder_area=\u00a0\u00bbpost_content\u00a0\u00bb][et_pb_text _builder_version=\u00a0\u00bb4.27.4&Prime; _module_preset=\u00a0\u00bbdefault\u00a0\u00bb text_font=\u00a0\u00bb|700|||||||\u00a0\u00bb text_text_color=\u00a0\u00bbgcid-primary-color\u00a0\u00bb text_font_size=\u00a0\u00bb20px\u00a0\u00bb header_2_font=\u00a0\u00bb|700|||||||\u00a0\u00bb header_2_text_align=\u00a0\u00bbcenter\u00a0\u00bb header_2_text_color=\u00a0\u00bb#438993&Prime; header_2_font_size=\u00a0\u00bb20px\u00a0\u00bb custom_margin=\u00a0\u00bb15px||20px||false|false\u00a0\u00bb global_colors_info=\u00a0\u00bb{%22gcid-primary-color%22:%91%22text_text_color%22%93}\u00a0\u00bb theme_builder_area=\u00a0\u00bbpost_content\u00a0\u00bb]<\/p>\n<p>Article 3. Donn\u00e9es personnelles<\/p>\n<p>[\/et_pb_text][et_pb_text _builder_version=\u00a0\u00bb4.27.4&Prime; _module_preset=\u00a0\u00bbdefault\u00a0\u00bb custom_margin=\u00a0\u00bb||15px||false|false\u00a0\u00bb global_colors_info=\u00a0\u00bb{}\u00a0\u00bb theme_builder_area=\u00a0\u00bbpost_content\u00a0\u00bb]<\/p>\n<p>DEIEREKLINIK s\u2019engage \u00e0 maintenir confidentielles les donn\u00e9es personnelles fournies par l\u2019utilisateur du site et \u00e0 ne pas les transf\u00e9rer \u00e0 d\u2019autres soci\u00e9t\u00e9s ou organismes. DEIEREKLINIK s\u2019engage \u00e0 assurer \u00e0 toute personne qui en fera la demande un droit d\u2019acc\u00e8s, de rectification et de suppression des donn\u00e9es la concernant.<\/p>\n<p><STRONG>Identit\u00e9 du responsable du traitement:<\/STRONG><br \/>\nLes informations recueillies font l\u2019objet d\u2019un traitement informatique destin\u00e9 \u00e0 la prise de rendez-vous ou \u00e0 l\u2019\u00e9tablissement d\u2019un devis. Le destinataire des donn\u00e9es DEIEREKLINIK, dont le si\u00e8ge social est situ\u00e9 au 136, ZAE Wolser \u2013 L-3290 Bettembourg, T\u00e9l\u00e9phone: +352 52 13 13, Mail contact@deiereklinik.lu<\/p>\n<p>Conform\u00e9ment aux articles 13 et 14 du r\u00e8glement (UE) g\u00e9n\u00e9ral sur la protection des donn\u00e9es 2016\/679 du Parlement europ\u00e9en et du Conseil du 27 avril 2016 et l\u2019article 32 de la loi \u00ab informatique et libert\u00e9s \u00bb du 6 janvier 1978 modifi\u00e9e en 2004, le directeur de publication de ce site vous informe:<\/p>\n<p><STRONG>Finalit\u00e9 des traitements:<\/STRONG><br \/>\nLes donn\u00e9es sont collect\u00e9es et trait\u00e9es afin de permettre \u00e0 deiereklinik de :<br \/>\n\u2013 communiquer aux r\u00e9pondants une synth\u00e8se des r\u00e9sultats par secteur d\u2019activit\u00e9, taille d\u2019entreprise \u2026<br \/>\n\u2013 \u00e9diter le diagnostic et y associer les conseils pertinents qui seront transmis aux r\u00e9pondants,<br \/>\n\u2013 r\u00e9pondre aux demandes \u00e9crites formul\u00e9es par le biais du formulaire de contact<br \/>\n\u2013 envoyer une lettre d\u2019information,<br \/>\n\u2013 mesurer l\u2019audience du site.<br \/>\n\u2013 suivre les commentaires li\u00e9s au blog<br \/>\n\u2013 suivre les achats li\u00e9s au site internet<\/p>\n<p><STRONG>Destinataire des informations:<\/STRONG><br \/>\nLes destinataires des donn\u00e9es sont la direction de la soci\u00e9t\u00e9 DEIEREKLINIK en charge du num\u00e9rique et de la mise en \u0153uvre du RGPD.<\/p>\n<p><STRONG>Droits des personnes:<\/STRONG><br \/>\nConform\u00e9ment aux articles 13 et 14 du r\u00e8glement (UE) g\u00e9n\u00e9ral sur la protection des donn\u00e9es 2016\/679 du Parlement europ\u00e9en et du Conseil du 27 avril 2016 et l\u2019article 32 de la loi \u00ab informatique et libert\u00e9s \u00bb du 6 janvier 1978 modifi\u00e9e en 2004, le directeur de publication de ce site vous informe:<\/p>\n<p>Vous pouvez exercer vos droits en nous contactant par l\u2019interm\u00e9diaire de notre formulaire de contact.<\/p>\n<p>Conform\u00e9ment \u00e0 la r\u00e9glementation en vigueur, votre demande doit \u00eatre accompagn\u00e9e de la photocopie d\u2019un titre d\u2019identit\u00e9 et pr\u00e9ciser l\u2019adresse \u00e0 laquelle doit parvenir la r\u00e9ponse.<\/p>\n<p>Nous vous invitons \u00e9galement \u00e0 consulter notre politique en mati\u00e8re d\u2019usage des cookies.<\/p>\n<p>[\/et_pb_text][\/et_pb_column][\/et_pb_row][et_pb_row _builder_version=\u00a0\u00bb4.27.4&Prime; _module_preset=\u00a0\u00bbdefault\u00a0\u00bb width=\u00a0\u00bb100%\u00a0\u00bb custom_margin=\u00a0\u00bb0px||0px||true|false\u00a0\u00bb custom_padding=\u00a0\u00bb30px||0px||false|false\u00a0\u00bb global_colors_info=\u00a0\u00bb{}\u00a0\u00bb theme_builder_area=\u00a0\u00bbpost_content\u00a0\u00bb][et_pb_column type=\u00a0\u00bb4_4&Prime; _builder_version=\u00a0\u00bb4.24.1&Prime; _module_preset=\u00a0\u00bbdefault\u00a0\u00bb global_colors_info=\u00a0\u00bb{}\u00a0\u00bb theme_builder_area=\u00a0\u00bbpost_content\u00a0\u00bb][et_pb_text _builder_version=\u00a0\u00bb4.27.4&Prime; _module_preset=\u00a0\u00bbdefault\u00a0\u00bb text_font=\u00a0\u00bb|700|||||||\u00a0\u00bb text_text_color=\u00a0\u00bbgcid-primary-color\u00a0\u00bb text_font_size=\u00a0\u00bb20px\u00a0\u00bb header_2_font=\u00a0\u00bb|700|||||||\u00a0\u00bb header_2_text_align=\u00a0\u00bbcenter\u00a0\u00bb header_2_text_color=\u00a0\u00bb#438993&Prime; header_2_font_size=\u00a0\u00bb20px\u00a0\u00bb custom_margin=\u00a0\u00bb15px||20px||false|false\u00a0\u00bb global_colors_info=\u00a0\u00bb{%22gcid-primary-color%22:%91%22text_text_color%22%93}\u00a0\u00bb theme_builder_area=\u00a0\u00bbpost_content\u00a0\u00bb]<\/p>\n<p>Article 4. Formulaires de contact<\/p>\n<p>[\/et_pb_text][et_pb_text _builder_version=\u00a0\u00bb4.27.4&Prime; _module_preset=\u00a0\u00bbdefault\u00a0\u00bb custom_margin=\u00a0\u00bb||15px||false|false\u00a0\u00bb global_colors_info=\u00a0\u00bb{}\u00a0\u00bb theme_builder_area=\u00a0\u00bbpost_content\u00a0\u00bb]<\/p>\n<p>Les donn\u00e9es recueillies via les formulaires de contact permettent \u00e0 DEIEREKLINIK de r\u00e9pondre \u00e0 vos demandes. Vous disposez d\u2019un droit d\u2019acc\u00e8s aux donn\u00e9es trait\u00e9es et vous pouvez en obtenir la rectification ou exercer votre droit d\u2019opposition en contactant DEIEREKLINIK via notre formulaire de contact.<\/p>\n<p>[\/et_pb_text][\/et_pb_column][\/et_pb_row][et_pb_row _builder_version=\u00a0\u00bb4.27.4&Prime; _module_preset=\u00a0\u00bbdefault\u00a0\u00bb width=\u00a0\u00bb100%\u00a0\u00bb custom_margin=\u00a0\u00bb0px||0px||true|false\u00a0\u00bb custom_padding=\u00a0\u00bb30px||0px||false|false\u00a0\u00bb global_colors_info=\u00a0\u00bb{}\u00a0\u00bb theme_builder_area=\u00a0\u00bbpost_content\u00a0\u00bb][et_pb_column type=\u00a0\u00bb4_4&Prime; _builder_version=\u00a0\u00bb4.24.1&Prime; _module_preset=\u00a0\u00bbdefault\u00a0\u00bb global_colors_info=\u00a0\u00bb{}\u00a0\u00bb theme_builder_area=\u00a0\u00bbpost_content\u00a0\u00bb][et_pb_text _builder_version=\u00a0\u00bb4.27.4&Prime; _module_preset=\u00a0\u00bbdefault\u00a0\u00bb text_font=\u00a0\u00bb|700|||||||\u00a0\u00bb text_text_color=\u00a0\u00bbgcid-primary-color\u00a0\u00bb text_font_size=\u00a0\u00bb20px\u00a0\u00bb header_2_font=\u00a0\u00bb|700|||||||\u00a0\u00bb header_2_text_align=\u00a0\u00bbcenter\u00a0\u00bb header_2_text_color=\u00a0\u00bb#438993&Prime; header_2_font_size=\u00a0\u00bb20px\u00a0\u00bb custom_margin=\u00a0\u00bb15px||20px||false|false\u00a0\u00bb global_colors_info=\u00a0\u00bb{%22gcid-primary-color%22:%91%22text_text_color%22%93}\u00a0\u00bb theme_builder_area=\u00a0\u00bbpost_content\u00a0\u00bb]<\/p>\n<p>Article 5. Politique de confidentialit\u00e9<\/p>\n<p>[\/et_pb_text][et_pb_text _builder_version=\u00a0\u00bb4.27.4&Prime; _module_preset=\u00a0\u00bbdefault\u00a0\u00bb custom_margin=\u00a0\u00bb||15px||false|false\u00a0\u00bb global_colors_info=\u00a0\u00bb{}\u00a0\u00bb theme_builder_area=\u00a0\u00bbpost_content\u00a0\u00bb]<\/p>\n<p><STRONG>Types de donn\u00e9es r\u00e9colt\u00e9es:<\/STRONG><br \/>\nNoms, pr\u00e9noms, email, t\u00e9l\u00e9phone, adresse postale, adresse IP.<\/p>\n<p><STRONG>Pourquoi nous collectons ces donn\u00e9es:<\/STRONG><br \/>\ncommunication par newsletters, facturation, contact de client suite \u00e0 des demandes de prestation de service, suivi du comportement de l\u2019utilisateur sur le site\u2026<\/p>\n<p><STRONG>Temps de conservation des donn\u00e9es:<\/STRONG><br \/>\nCes donn\u00e9es seront conserv\u00e9es pour une demande de devis le temps d\u2019\u00e9tablissement de ce devis si aucune suite n\u2019est donn\u00e9e soit 30 jours maximum, si une suite est donn\u00e9e et que le dossier est confi\u00e9 \u00e0 DEIEREKLINIK, les donn\u00e9es seront conserv\u00e9es durant 5 ans \u00e0 compter de la derni\u00e8re commande ou de la fin de mission.<\/p>\n<p>Pour la prise de rendez-vous, les donn\u00e9es seront conserv\u00e9es 5 ans \u00e0 compter de la date de visite (ceci si un rendez-vous est fix\u00e9 et si une visite est effectu\u00e9e). Dans l\u2019hypoth\u00e8se o\u00f9 la personne concern\u00e9e n\u2019honore pas son rendez-vous, les donn\u00e9es seront effac\u00e9es le jour suivant du rendez-vous non honor\u00e9.<\/p>\n<p><STRONG>Mesure de s\u00e9curit\u00e9 mises en place pour \u00eatre en conformit\u00e9 avec le RGPD:<\/STRONG><br \/>\nLa modification des donn\u00e9es personnelles est disponible sur simple demande via notre formulaire de contact<\/p>\n<p>[\/et_pb_text][\/et_pb_column][\/et_pb_row][et_pb_row _builder_version=\u00a0\u00bb4.27.4&Prime; _module_preset=\u00a0\u00bbdefault\u00a0\u00bb width=\u00a0\u00bb100%\u00a0\u00bb custom_margin=\u00a0\u00bb0px||0px||true|false\u00a0\u00bb custom_padding=\u00a0\u00bb30px||0px||false|false\u00a0\u00bb global_colors_info=\u00a0\u00bb{}\u00a0\u00bb theme_builder_area=\u00a0\u00bbpost_content\u00a0\u00bb][et_pb_column type=\u00a0\u00bb4_4&Prime; _builder_version=\u00a0\u00bb4.24.1&Prime; _module_preset=\u00a0\u00bbdefault\u00a0\u00bb global_colors_info=\u00a0\u00bb{}\u00a0\u00bb theme_builder_area=\u00a0\u00bbpost_content\u00a0\u00bb][et_pb_text _builder_version=\u00a0\u00bb4.27.4&Prime; _module_preset=\u00a0\u00bbdefault\u00a0\u00bb text_font=\u00a0\u00bb|700|||||||\u00a0\u00bb text_text_color=\u00a0\u00bbgcid-primary-color\u00a0\u00bb text_font_size=\u00a0\u00bb20px\u00a0\u00bb header_2_font=\u00a0\u00bb|700|||||||\u00a0\u00bb header_2_text_align=\u00a0\u00bbcenter\u00a0\u00bb header_2_text_color=\u00a0\u00bb#438993&Prime; header_2_font_size=\u00a0\u00bb20px\u00a0\u00bb custom_margin=\u00a0\u00bb15px||20px||false|false\u00a0\u00bb global_colors_info=\u00a0\u00bb{%22gcid-primary-color%22:%91%22text_text_color%22%93}\u00a0\u00bb theme_builder_area=\u00a0\u00bbpost_content\u00a0\u00bb]<\/p>\n<p>Article 6. Responsabilit\u00e9<\/p>\n<p>[\/et_pb_text][et_pb_text _builder_version=\u00a0\u00bb4.27.4&Prime; _module_preset=\u00a0\u00bbdefault\u00a0\u00bb width=\u00a0\u00bb100%\u00a0\u00bb custom_margin=\u00a0\u00bb0px||0px||true|false\u00a0\u00bb custom_padding=\u00a0\u00bb30px||0px||false|false\u00a0\u00bb global_colors_info=\u00a0\u00bb{}\u00a0\u00bb theme_builder_area=\u00a0\u00bbpost_content\u00a0\u00bb]<\/p>\n<p>DEIEREKLINIK d\u00e9cline toute responsabilit\u00e9 pour les difficult\u00e9s rencontr\u00e9es lors de l\u2019acc\u00e8s \u00e0 son site ou pour toute d\u00e9faillance de communication.<\/p>\n<p>DEIEREKLINIK se r\u00e9serve la possibilit\u00e9 de modifier, d\u2019interrompre temporairement ou de fa\u00e7on permanente, toute ou une partie du site, sans pr\u00e9avis. DEIEREKLINIK ne pourra en aucun cas \u00eatre tenu pour responsable \u00e0 votre encontre ou \u00e0 l\u2019encontre d\u2019un tiers de toute modification, interruption ou suspension du site.<\/p>\n<p>[\/et_pb_text][\/et_pb_column][\/et_pb_row][\/et_pb_section]<\/p>\n","protected":false},"excerpt":{"rendered":"<p>Le pr\u00e9sent site est la propri\u00e9t\u00e9 de la soci\u00e9t\u00e9 Deiereklinik Raison sociale: Deiereklinik Si\u00e8ge social: 136, ZAE Wolser \u2013 L-3290 Bettembourg Responsable \u00e9ditorial: Audrey VAN VYNCHTArticle 1. Conditions d&rsquo;utilisation du siteDEIEREKLINIK fournit ses services sous r\u00e9serve que vous vous engagiez \u00e0 respecter les pr\u00e9sentes conditions d\u2019utilisation que DEIEREKLINIK sera libre de modifier \u00e0 tout moment.Article [&hellip;]<\/p>\n","protected":false},"author":1,"featured_media":0,"parent":0,"menu_order":10,"comment_status":"closed","ping_status":"closed","template":"","meta":{"_acf_changed":false,"_et_pb_use_builder":"on","_et_pb_old_content":"","_et_gb_content_width":"","footnotes":""},"class_list":["post-240342","page","type-page","status-publish","hentry"],"acf":[],"_links":{"self":[{"href":"https:\/\/www.deiereklinik.lu\/V3\/wp-json\/wp\/v2\/pages\/240342","targetHints":{"allow":["GET"]}}],"collection":[{"href":"https:\/\/www.deiereklinik.lu\/V3\/wp-json\/wp\/v2\/pages"}],"about":[{"href":"https:\/\/www.deiereklinik.lu\/V3\/wp-json\/wp\/v2\/types\/page"}],"author":[{"embeddable":true,"href":"https:\/\/www.deiereklinik.lu\/V3\/wp-json\/wp\/v2\/users\/1"}],"replies":[{"embeddable":true,"href":"https:\/\/www.deiereklinik.lu\/V3\/wp-json\/wp\/v2\/comments?post=240342"}],"version-history":[{"count":6,"href":"https:\/\/www.deiereklinik.lu\/V3\/wp-json\/wp\/v2\/pages\/240342\/revisions"}],"predecessor-version":[{"id":240377,"href":"https:\/\/www.deiereklinik.lu\/V3\/wp-json\/wp\/v2\/pages\/240342\/revisions\/240377"}],"wp:attachment":[{"href":"https:\/\/www.deiereklinik.lu\/V3\/wp-json\/wp\/v2\/media?parent=240342"}],"curies":[{"name":"wp","href":"https:\/\/api.w.org\/{rel}","templated":true}]}}